{"id":2,"date":"2024-02-01T08:40:17","date_gmt":"2024-02-01T08:40:17","guid":{"rendered":"https:\/\/incadebolivia.com\/?page_id=2"},"modified":"2024-02-15T11:17:40","modified_gmt":"2024-02-15T15:17:40","slug":"sample-page","status":"publish","type":"page","link":"https:\/\/incadebolivia.com\/?page_id=2","title":{"rendered":"PROYECTOS"},"content":{"rendered":"<!--[html]--><style><\/style><div class=\"bd-tagstyles  additional-class-909960293 \"><div class=\"bd-container-inner bd-content-element\"><!--{content}--><p align=\"center\"><strong>ESCUELAS SALUDABLES<\/strong><\/p>\n<p align=\"center\"><img loading=\"lazy\" decoding=\"async\" class=\"alignnone  wp-image-139\" src=\"http:\/\/incadebolivia.com\/wp-content\/uploads\/2024\/02\/escuelas.jpg\" alt=\"\" width=\"699\" height=\"395\" srcset=\"https:\/\/incadebolivia.com\/wp-content\/uploads\/2024\/02\/escuelas.jpg 620w, https:\/\/incadebolivia.com\/wp-content\/uploads\/2024\/02\/escuelas-300x169.jpg 300w\" sizes=\"auto, (max-width: 699px) 100vw, 699px\" \/><\/p>\nEl Instituto de Capacitaci\u00f3n para el Desarrollo INCADE desarrolla en la ciudad de Montero el proyecto \u201cEscuelas limpias y saludables\u201d un proyecto que se viene ejecutando desde enero de 2019 y concluir\u00e1 enero de 2022, en cinco unidades educativas de los cinco distritos urbanos de Montero.\n\nDISTRITO 1 UE Nacional Guabir\u00e1 2\n\nDISTRITO 2 UE Juancito Pinto\n\nDISTRITO 3 UE Nuevo Milenio\n\nDISTRITO 4 UE Santa Mar\u00eda Mazzarello B\n\nDISTRITO 5 UE Juan Razuk\n\nEl objetivo del proyecto contribuir a la construcci\u00f3n de una cultura de alimentaci\u00f3n saludable, consumo responsable y protecci\u00f3n del medio ambiente como un derecho.\n\nEn este proyecto estamos realizando las siguientes actividades:\n<ul>\n \t<li><strong>Manejo de residuos s\u00f3lidos:<\/strong><\/li>\n<\/ul>\n<ul>\n \t<li>Capacitaci\u00f3n a maestro, estudiantes y PPFF<\/li>\n \t<li>Elaboraci\u00f3n y uso de compost<\/li>\n \t<li>Dise\u00f1o de un sistema de manejo de la basura inorg\u00e1nica<\/li>\n \t<li>Campa\u00f1as de limpieza integral de la unidad educativa<\/li>\n<\/ul>\n<ul>\n \t<li><strong>Huerto Escolar Integral<\/strong><\/li>\n<\/ul>\n<ul>\n \t<li>Cultivo verduras<\/li>\n \t<li>Cultivo de \u00e1rboles frutales<\/li>\n \t<li>Cultivo de plantas medicinales<\/li>\n \t<li>Cultivo de plantas ornamentales<\/li>\n \t<li>Elaboraci\u00f3n de plaguicidas naturales para el control de plagas<\/li>\n \t<li>R\u00e9plica de la experiencia del huerto en las viviendas de los estudiantes<\/li>\n \t<li>Investigaci\u00f3n sobre el cultivo y valor nutritivo y medicinal de los productos del huerto<\/li>\n \t<li>Talleres de elaboraci\u00f3n de alimentos con los productos del huerto<\/li>\n<\/ul>\n<ul>\n \t<li><strong>Educaci\u00f3n Alimentaria Nutricional y Cuidado del Medio Ambiente<\/strong><\/li>\n \t<li><strong>Kioscos Escolares Saludables<\/strong><\/li>\n \t<li><strong>Promoci\u00f3n de la actividad f\u00edsica<\/strong><\/li>\n<\/ul><!--{\/content}--><\/div><\/div><!--[\/html]-->\n","protected":false},"excerpt":{"rendered":"","protected":false},"author":1,"featured_media":0,"parent":0,"menu_order":0,"comment_status":"closed","ping_status":"open","template":"","meta":{"footnotes":""},"class_list":["post-2","page","type-page","status-publish","hentry"],"yoast_head":"<!-- This site is optimized with the Yoast SEO plugin v27.2 - https:\/\/yoast.com\/product\/yoast-seo-wordpress\/ -->\n<title>INCADE - PROYECTOS<\/title>\n<meta name=\"robots\" content=\"index, follow, max-snippet:-1, max-image-preview:large, max-video-preview:-1\" \/>\n<link rel=\"canonical\" href=\"https:\/\/incadebolivia.com\/?page_id=2\" \/>\n<meta property=\"og:locale\" content=\"es_ES\" \/>\n<meta property=\"og:type\" content=\"article\" \/>\n<meta property=\"og:title\" content=\"INCADE - PROYECTOS\" \/>\n<meta property=\"og:url\" content=\"https:\/\/incadebolivia.com\/?page_id=2\" \/>\n<meta property=\"og:site_name\" content=\"INCADE\" \/>\n<meta property=\"article:publisher\" content=\"https:\/\/www.facebook.com\/IncadeMontero\" \/>\n<meta property=\"article:modified_time\" content=\"2024-02-15T15:17:40+00:00\" \/>\n<meta property=\"og:image\" content=\"https:\/\/incadebolivia.com\/wp-content\/uploads\/2024\/02\/escuelas.jpg\" \/>\n\t<meta property=\"og:image:width\" content=\"620\" \/>\n\t<meta property=\"og:image:height\" content=\"350\" \/>\n\t<meta property=\"og:image:type\" content=\"image\/jpeg\" \/>\n<meta name=\"twitter:card\" content=\"summary_large_image\" \/>\n<meta name=\"twitter:label1\" content=\"Tiempo de lectura\" \/>\n\t<meta name=\"twitter:data1\" content=\"1 minuto\" \/>\n<script type=\"application\/ld+json\" class=\"yoast-schema-graph\">{\"@context\":\"https:\/\/schema.org\",\"@graph\":[{\"@type\":\"WebPage\",\"@id\":\"https:\/\/incadebolivia.com\/?page_id=2\",\"url\":\"https:\/\/incadebolivia.com\/?page_id=2\",\"name\":\"INCADE - PROYECTOS\",\"isPartOf\":{\"@id\":\"https:\/\/incadebolivia.com\/#website\"},\"primaryImageOfPage\":{\"@id\":\"https:\/\/incadebolivia.com\/?page_id=2#primaryimage\"},\"image\":{\"@id\":\"https:\/\/incadebolivia.com\/?page_id=2#primaryimage\"},\"thumbnailUrl\":\"http:\/\/incadebolivia.com\/wp-content\/uploads\/2024\/02\/escuelas.jpg\",\"datePublished\":\"2024-02-01T08:40:17+00:00\",\"dateModified\":\"2024-02-15T15:17:40+00:00\",\"breadcrumb\":{\"@id\":\"https:\/\/incadebolivia.com\/?page_id=2#breadcrumb\"},\"inLanguage\":\"es\",\"potentialAction\":[{\"@type\":\"ReadAction\",\"target\":[\"https:\/\/incadebolivia.com\/?page_id=2\"]}]},{\"@type\":\"ImageObject\",\"inLanguage\":\"es\",\"@id\":\"https:\/\/incadebolivia.com\/?page_id=2#primaryimage\",\"url\":\"https:\/\/incadebolivia.com\/wp-content\/uploads\/2024\/02\/escuelas.jpg\",\"contentUrl\":\"https:\/\/incadebolivia.com\/wp-content\/uploads\/2024\/02\/escuelas.jpg\",\"width\":620,\"height\":350},{\"@type\":\"BreadcrumbList\",\"@id\":\"https:\/\/incadebolivia.com\/?page_id=2#breadcrumb\",\"itemListElement\":[{\"@type\":\"ListItem\",\"position\":1,\"name\":\"Portada\",\"item\":\"https:\/\/incadebolivia.com\/\"},{\"@type\":\"ListItem\",\"position\":2,\"name\":\"PROYECTOS\"}]},{\"@type\":\"WebSite\",\"@id\":\"https:\/\/incadebolivia.com\/#website\",\"url\":\"https:\/\/incadebolivia.com\/\",\"name\":\"INCADE\",\"description\":\"Instituto de Capacitaci\u00f3n para el Desarrollo\",\"publisher\":{\"@id\":\"https:\/\/incadebolivia.com\/#organization\"},\"potentialAction\":[{\"@type\":\"SearchAction\",\"target\":{\"@type\":\"EntryPoint\",\"urlTemplate\":\"https:\/\/incadebolivia.com\/?s={search_term_string}\"},\"query-input\":{\"@type\":\"PropertyValueSpecification\",\"valueRequired\":true,\"valueName\":\"search_term_string\"}}],\"inLanguage\":\"es\"},{\"@type\":\"Organization\",\"@id\":\"https:\/\/incadebolivia.com\/#organization\",\"name\":\"Instituto de Capacitaci\u00f3n para el Desarrollo\",\"url\":\"https:\/\/incadebolivia.com\/\",\"logo\":{\"@type\":\"ImageObject\",\"inLanguage\":\"es\",\"@id\":\"https:\/\/incadebolivia.com\/#\/schema\/logo\/image\/\",\"url\":\"https:\/\/incadebolivia.com\/wp-content\/uploads\/2025\/07\/ligo-inade.png\",\"contentUrl\":\"https:\/\/incadebolivia.com\/wp-content\/uploads\/2025\/07\/ligo-inade.png\",\"width\":430,\"height\":128,\"caption\":\"Instituto de Capacitaci\u00f3n para el Desarrollo\"},\"image\":{\"@id\":\"https:\/\/incadebolivia.com\/#\/schema\/logo\/image\/\"},\"sameAs\":[\"https:\/\/www.facebook.com\/IncadeMontero\"]}]}<\/script>\n<!-- \/ Yoast SEO plugin. -->","yoast_head_json":{"title":"INCADE - PROYECTOS","robots":{"index":"index","follow":"follow","max-snippet":"max-snippet:-1","max-image-preview":"max-image-preview:large","max-video-preview":"max-video-preview:-1"},"canonical":"https:\/\/incadebolivia.com\/?page_id=2","og_locale":"es_ES","og_type":"article","og_title":"INCADE - PROYECTOS","og_url":"https:\/\/incadebolivia.com\/?page_id=2","og_site_name":"INCADE","article_publisher":"https:\/\/www.facebook.com\/IncadeMontero","article_modified_time":"2024-02-15T15:17:40+00:00","og_image":[{"width":620,"height":350,"url":"https:\/\/incadebolivia.com\/wp-content\/uploads\/2024\/02\/escuelas.jpg","type":"image\/jpeg"}],"twitter_card":"summary_large_image","twitter_misc":{"Tiempo de lectura":"1 minuto"},"schema":{"@context":"https:\/\/schema.org","@graph":[{"@type":"WebPage","@id":"https:\/\/incadebolivia.com\/?page_id=2","url":"https:\/\/incadebolivia.com\/?page_id=2","name":"INCADE - PROYECTOS","isPartOf":{"@id":"https:\/\/incadebolivia.com\/#website"},"primaryImageOfPage":{"@id":"https:\/\/incadebolivia.com\/?page_id=2#primaryimage"},"image":{"@id":"https:\/\/incadebolivia.com\/?page_id=2#primaryimage"},"thumbnailUrl":"http:\/\/incadebolivia.com\/wp-content\/uploads\/2024\/02\/escuelas.jpg","datePublished":"2024-02-01T08:40:17+00:00","dateModified":"2024-02-15T15:17:40+00:00","breadcrumb":{"@id":"https:\/\/incadebolivia.com\/?page_id=2#breadcrumb"},"inLanguage":"es","potentialAction":[{"@type":"ReadAction","target":["https:\/\/incadebolivia.com\/?page_id=2"]}]},{"@type":"ImageObject","inLanguage":"es","@id":"https:\/\/incadebolivia.com\/?page_id=2#primaryimage","url":"https:\/\/incadebolivia.com\/wp-content\/uploads\/2024\/02\/escuelas.jpg","contentUrl":"https:\/\/incadebolivia.com\/wp-content\/uploads\/2024\/02\/escuelas.jpg","width":620,"height":350},{"@type":"BreadcrumbList","@id":"https:\/\/incadebolivia.com\/?page_id=2#breadcrumb","itemListElement":[{"@type":"ListItem","position":1,"name":"Portada","item":"https:\/\/incadebolivia.com\/"},{"@type":"ListItem","position":2,"name":"PROYECTOS"}]},{"@type":"WebSite","@id":"https:\/\/incadebolivia.com\/#website","url":"https:\/\/incadebolivia.com\/","name":"INCADE","description":"Instituto de Capacitaci\u00f3n para el Desarrollo","publisher":{"@id":"https:\/\/incadebolivia.com\/#organization"},"potentialAction":[{"@type":"SearchAction","target":{"@type":"EntryPoint","urlTemplate":"https:\/\/incadebolivia.com\/?s={search_term_string}"},"query-input":{"@type":"PropertyValueSpecification","valueRequired":true,"valueName":"search_term_string"}}],"inLanguage":"es"},{"@type":"Organization","@id":"https:\/\/incadebolivia.com\/#organization","name":"Instituto de Capacitaci\u00f3n para el Desarrollo","url":"https:\/\/incadebolivia.com\/","logo":{"@type":"ImageObject","inLanguage":"es","@id":"https:\/\/incadebolivia.com\/#\/schema\/logo\/image\/","url":"https:\/\/incadebolivia.com\/wp-content\/uploads\/2025\/07\/ligo-inade.png","contentUrl":"https:\/\/incadebolivia.com\/wp-content\/uploads\/2025\/07\/ligo-inade.png","width":430,"height":128,"caption":"Instituto de Capacitaci\u00f3n para el Desarrollo"},"image":{"@id":"https:\/\/incadebolivia.com\/#\/schema\/logo\/image\/"},"sameAs":["https:\/\/www.facebook.com\/IncadeMontero"]}]}},"_links":{"self":[{"href":"https:\/\/incadebolivia.com\/index.php?rest_route=\/wp\/v2\/pages\/2","targetHints":{"allow":["GET"]}}],"collection":[{"href":"https:\/\/incadebolivia.com\/index.php?rest_route=\/wp\/v2\/pages"}],"about":[{"href":"https:\/\/incadebolivia.com\/index.php?rest_route=\/wp\/v2\/types\/page"}],"author":[{"embeddable":true,"href":"https:\/\/incadebolivia.com\/index.php?rest_route=\/wp\/v2\/users\/1"}],"replies":[{"embeddable":true,"href":"https:\/\/incadebolivia.com\/index.php?rest_route=%2Fwp%2Fv2%2Fcomments&post=2"}],"version-history":[{"count":5,"href":"https:\/\/incadebolivia.com\/index.php?rest_route=\/wp\/v2\/pages\/2\/revisions"}],"predecessor-version":[{"id":448,"href":"https:\/\/incadebolivia.com\/index.php?rest_route=\/wp\/v2\/pages\/2\/revisions\/448"}],"wp:attachment":[{"href":"https:\/\/incadebolivia.com\/index.php?rest_route=%2Fwp%2Fv2%2Fmedia&parent=2"}],"curies":[{"name":"wp","href":"https:\/\/api.w.org\/{rel}","templated":true}]}}