{"id":31,"date":"2024-02-01T08:40:37","date_gmt":"2024-02-01T08:40:37","guid":{"rendered":"https:\/\/incadebolivia.com\/about\/"},"modified":"2025-09-04T11:03:59","modified_gmt":"2025-09-04T15:03:59","slug":"about","status":"publish","type":"page","link":"https:\/\/incadebolivia.com\/?page_id=31","title":{"rendered":"\u00bfQuienes Somos?"},"content":{"rendered":"<p>El Instituto de Capacitaci\u00f3n para el Desarrollo INCADE es una ONG con sede en Montero, que trabaja en unidades educativas y barrios del municipio de Montero promoviendo una cultura de alimentaci\u00f3n saludable y de protecci\u00f3n del medio ambiente.<\/p>\n<p>El INCADE est\u00e1 conformado por un equipo multidisciplinario que trabaja para desarrollar las l\u00edneas de acci\u00f3n del proyecto \u201cEscuelas Limpias y Saludables\u201d.<\/p>\n<div id=\"attachment_445\" style=\"width: 760px\" class=\"wp-caption alignnone\"><img loading=\"lazy\" decoding=\"async\" aria-describedby=\"caption-attachment-445\" class=\"wp-image-445\" src=\"https:\/\/incadebolivia.com\/wp-content\/uploads\/2024\/02\/personal-1.jpg\" alt=\"\" width=\"750\" height=\"500\" srcset=\"https:\/\/incadebolivia.com\/wp-content\/uploads\/2024\/02\/personal-1.jpg 1000w, https:\/\/incadebolivia.com\/wp-content\/uploads\/2024\/02\/personal-1-300x200.jpg 300w, https:\/\/incadebolivia.com\/wp-content\/uploads\/2024\/02\/personal-1-768x512.jpg 768w\" sizes=\"auto, (max-width: 750px) 100vw, 750px\" \/><p id=\"caption-attachment-445\" class=\"wp-caption-text\">2024<\/p><\/div>\n<p><strong>VISION<\/strong><\/p>\n<p>INCADE cuenta con un personal multidisciplinario comprometido con los objetivos institucionales y vocaci\u00f3n de servicio, lo cual es reconocido por los beneficiarios y los diversos sectores de la comunidad montere\u00f1a; manteni\u00e9ndose como referente en la tem\u00e1tica de la alimentaci\u00f3n saludable y en el manejo adecuado de los residuos s\u00f3lidos<\/p>\n<p><strong>MISION<\/strong><\/p>\n<p>Somos una organizaci\u00f3n social, comprometida con el desarrollo humano, que trabaja en defensa de la vida, de la salud y el medio ambiente, promoviendo la participaci\u00f3n ciudadana y una cultura de derechos.<\/p>\n<p><strong>PRINCIPIOS<\/strong><\/p>\n<p>Los principios que rigen la instituci\u00f3n son:<\/p>\n<ul>\n<li><strong>Respeto a la vida:\u00a0<\/strong>a trav\u00e9s del cuidado de la salud, saneamiento b\u00e1sico, medio ambiente, alimentaci\u00f3n<\/li>\n<li><strong>Compromiso social:<\/strong>\u00a0nuestra responsabilidad con la sociedad para el bien com\u00fan<\/li>\n<li><strong>Justicia social:<\/strong>\u00a0basado en los derechos y obligaciones que tenemos los individuos en la sociedad.<\/li>\n<li><strong>Libertad:<\/strong>\u00a0capacidad de elegir y tomar decisiones responsablemente.<\/li>\n<li><strong>Amor:<\/strong>\u00a0expresado en la calidad del servicio que brindamos como instituci\u00f3n<\/li>\n<li><strong>Inter sectorialidad:<\/strong>\u00a0coordinaci\u00f3n con los diferentes sectores y actores.<\/li>\n<li><strong>Integralidad:<\/strong>\u00a0mirar el problema desde su ra\u00edz y buscar alternativas de soluci\u00f3n<\/li>\n<li><strong>Equidad:<\/strong>\u00a0promover el equilibrio y la igualdad de condiciones.<\/li>\n<li><strong>Complementariedad:<\/strong>\u00a0mirar el problema y buscar las soluciones desde diferentes enfoques<\/li>\n<\/ul>\n<p align=\"center\"><strong>VALORES<\/strong><\/p>\n<p>Los valores que rigen la instituci\u00f3n son:<\/p>\n<ul>\n<li><strong>Solidaridad<\/strong>: apoyo oportuno al interno del equipo y de los grupos con los que se trabaja,<\/li>\n<\/ul>\n<p>sobre todo, en ocasiones dif\u00edciles.<\/p>\n<ul>\n<li><strong>Respeto:<\/strong>\u00a0al escuchar, tomar en cuenta al otro, tener tolerancia, ejercicio de derechos.<\/li>\n<li><strong>Lealtad:<\/strong>\u00a0fidelidad a nuestros principios, compromiso de defender lo que creemos.<\/li>\n<li><strong>Comprensi\u00f3n:<\/strong>\u00a0ponerse en la situaci\u00f3n del otro, tener tolerancia y paciencia.<\/li>\n<li><strong>Di\u00e1logo:<\/strong>\u00a0saber escuchar, establecer una comunicaci\u00f3n abierta y sincera.<\/li>\n<li><strong>Honestidad:<\/strong>\u00a0sinceridad, verdad, justicia, integridad moral.<\/li>\n<li><strong>Tolerancia:<\/strong>\u00a0aceptar las diferencias.<\/li>\n<li><strong>Responsabilidad:<\/strong>\u00a0cumplimiento oportuno de las actividades y de los compromisos.<\/li>\n<li><strong>Puntualidad:<\/strong>\u00a0cumplir los compromisos en los horarios establecidos.<\/li>\n<\/ul>\n","protected":false},"excerpt":{"rendered":"<p>El Instituto de Capacitaci\u00f3n para el Desarrollo INCADE es una ONG con sede en Montero, que trabaja en unidades educativas y barrios del municipio de Montero promoviendo una cultura de alimentaci\u00f3n saludable y de protecci\u00f3n del medio ambiente. El INCADE est\u00e1 conformado por un equipo multidisciplinario que trabaja para desarrollar las l\u00edneas de acci\u00f3n del [&hellip;]<\/p>\n","protected":false},"author":1,"featured_media":0,"parent":0,"menu_order":0,"comment_status":"closed","ping_status":"closed","template":"","meta":{"footnotes":""},"class_list":["post-31","page","type-page","status-publish","hentry"],"yoast_head":"<!-- This site is optimized with the Yoast SEO plugin v27.2 - https:\/\/yoast.com\/product\/yoast-seo-wordpress\/ -->\n<title>INCADE - \u00bfQuienes Somos?<\/title>\n<meta name=\"robots\" content=\"index, follow, max-snippet:-1, max-image-preview:large, max-video-preview:-1\" \/>\n<link rel=\"canonical\" href=\"https:\/\/incadebolivia.com\/?page_id=31\" \/>\n<meta property=\"og:locale\" content=\"es_ES\" \/>\n<meta property=\"og:type\" content=\"article\" \/>\n<meta property=\"og:title\" content=\"INCADE - \u00bfQuienes Somos?\" \/>\n<meta property=\"og:description\" content=\"El Instituto de Capacitaci\u00f3n para el Desarrollo INCADE es una ONG con sede en Montero, que trabaja en unidades educativas y barrios del municipio de Montero promoviendo una cultura de alimentaci\u00f3n saludable y de protecci\u00f3n del medio ambiente. El INCADE est\u00e1 conformado por un equipo multidisciplinario que trabaja para desarrollar las l\u00edneas de acci\u00f3n del [&hellip;]\" \/>\n<meta property=\"og:url\" content=\"https:\/\/incadebolivia.com\/?page_id=31\" \/>\n<meta property=\"og:site_name\" content=\"INCADE\" \/>\n<meta property=\"article:publisher\" content=\"https:\/\/www.facebook.com\/IncadeMontero\" \/>\n<meta property=\"article:modified_time\" content=\"2025-09-04T15:03:59+00:00\" \/>\n<meta property=\"og:image\" content=\"https:\/\/incadebolivia.com\/wp-content\/uploads\/2024\/02\/personal-1.jpg\" \/>\n\t<meta property=\"og:image:width\" content=\"1000\" \/>\n\t<meta property=\"og:image:height\" content=\"667\" \/>\n\t<meta property=\"og:image:type\" content=\"image\/jpeg\" \/>\n<meta name=\"twitter:card\" content=\"summary_large_image\" \/>\n<meta name=\"twitter:label1\" content=\"Tiempo de lectura\" \/>\n\t<meta name=\"twitter:data1\" content=\"2 minutos\" \/>\n<script type=\"application\/ld+json\" class=\"yoast-schema-graph\">{\"@context\":\"https:\/\/schema.org\",\"@graph\":[{\"@type\":\"WebPage\",\"@id\":\"https:\/\/incadebolivia.com\/?page_id=31\",\"url\":\"https:\/\/incadebolivia.com\/?page_id=31\",\"name\":\"INCADE - \u00bfQuienes Somos?\",\"isPartOf\":{\"@id\":\"https:\/\/incadebolivia.com\/#website\"},\"primaryImageOfPage\":{\"@id\":\"https:\/\/incadebolivia.com\/?page_id=31#primaryimage\"},\"image\":{\"@id\":\"https:\/\/incadebolivia.com\/?page_id=31#primaryimage\"},\"thumbnailUrl\":\"https:\/\/incadebolivia.com\/wp-content\/uploads\/2024\/02\/personal-1.jpg\",\"datePublished\":\"2024-02-01T08:40:37+00:00\",\"dateModified\":\"2025-09-04T15:03:59+00:00\",\"breadcrumb\":{\"@id\":\"https:\/\/incadebolivia.com\/?page_id=31#breadcrumb\"},\"inLanguage\":\"es\",\"potentialAction\":[{\"@type\":\"ReadAction\",\"target\":[\"https:\/\/incadebolivia.com\/?page_id=31\"]}]},{\"@type\":\"ImageObject\",\"inLanguage\":\"es\",\"@id\":\"https:\/\/incadebolivia.com\/?page_id=31#primaryimage\",\"url\":\"https:\/\/incadebolivia.com\/wp-content\/uploads\/2024\/02\/personal-1.jpg\",\"contentUrl\":\"https:\/\/incadebolivia.com\/wp-content\/uploads\/2024\/02\/personal-1.jpg\",\"width\":1000,\"height\":667},{\"@type\":\"BreadcrumbList\",\"@id\":\"https:\/\/incadebolivia.com\/?page_id=31#breadcrumb\",\"itemListElement\":[{\"@type\":\"ListItem\",\"position\":1,\"name\":\"Portada\",\"item\":\"https:\/\/incadebolivia.com\/\"},{\"@type\":\"ListItem\",\"position\":2,\"name\":\"\u00bfQuienes Somos?\"}]},{\"@type\":\"WebSite\",\"@id\":\"https:\/\/incadebolivia.com\/#website\",\"url\":\"https:\/\/incadebolivia.com\/\",\"name\":\"INCADE\",\"description\":\"Instituto de Capacitaci\u00f3n para el Desarrollo\",\"publisher\":{\"@id\":\"https:\/\/incadebolivia.com\/#organization\"},\"potentialAction\":[{\"@type\":\"SearchAction\",\"target\":{\"@type\":\"EntryPoint\",\"urlTemplate\":\"https:\/\/incadebolivia.com\/?s={search_term_string}\"},\"query-input\":{\"@type\":\"PropertyValueSpecification\",\"valueRequired\":true,\"valueName\":\"search_term_string\"}}],\"inLanguage\":\"es\"},{\"@type\":\"Organization\",\"@id\":\"https:\/\/incadebolivia.com\/#organization\",\"name\":\"Instituto de Capacitaci\u00f3n para el Desarrollo\",\"url\":\"https:\/\/incadebolivia.com\/\",\"logo\":{\"@type\":\"ImageObject\",\"inLanguage\":\"es\",\"@id\":\"https:\/\/incadebolivia.com\/#\/schema\/logo\/image\/\",\"url\":\"https:\/\/incadebolivia.com\/wp-content\/uploads\/2025\/07\/ligo-inade.png\",\"contentUrl\":\"https:\/\/incadebolivia.com\/wp-content\/uploads\/2025\/07\/ligo-inade.png\",\"width\":430,\"height\":128,\"caption\":\"Instituto de Capacitaci\u00f3n para el Desarrollo\"},\"image\":{\"@id\":\"https:\/\/incadebolivia.com\/#\/schema\/logo\/image\/\"},\"sameAs\":[\"https:\/\/www.facebook.com\/IncadeMontero\"]}]}<\/script>\n<!-- \/ Yoast SEO plugin. -->","yoast_head_json":{"title":"INCADE - \u00bfQuienes Somos?","robots":{"index":"index","follow":"follow","max-snippet":"max-snippet:-1","max-image-preview":"max-image-preview:large","max-video-preview":"max-video-preview:-1"},"canonical":"https:\/\/incadebolivia.com\/?page_id=31","og_locale":"es_ES","og_type":"article","og_title":"INCADE - \u00bfQuienes Somos?","og_description":"El Instituto de Capacitaci\u00f3n para el Desarrollo INCADE es una ONG con sede en Montero, que trabaja en unidades educativas y barrios del municipio de Montero promoviendo una cultura de alimentaci\u00f3n saludable y de protecci\u00f3n del medio ambiente. El INCADE est\u00e1 conformado por un equipo multidisciplinario que trabaja para desarrollar las l\u00edneas de acci\u00f3n del [&hellip;]","og_url":"https:\/\/incadebolivia.com\/?page_id=31","og_site_name":"INCADE","article_publisher":"https:\/\/www.facebook.com\/IncadeMontero","article_modified_time":"2025-09-04T15:03:59+00:00","og_image":[{"width":1000,"height":667,"url":"https:\/\/incadebolivia.com\/wp-content\/uploads\/2024\/02\/personal-1.jpg","type":"image\/jpeg"}],"twitter_card":"summary_large_image","twitter_misc":{"Tiempo de lectura":"2 minutos"},"schema":{"@context":"https:\/\/schema.org","@graph":[{"@type":"WebPage","@id":"https:\/\/incadebolivia.com\/?page_id=31","url":"https:\/\/incadebolivia.com\/?page_id=31","name":"INCADE - \u00bfQuienes Somos?","isPartOf":{"@id":"https:\/\/incadebolivia.com\/#website"},"primaryImageOfPage":{"@id":"https:\/\/incadebolivia.com\/?page_id=31#primaryimage"},"image":{"@id":"https:\/\/incadebolivia.com\/?page_id=31#primaryimage"},"thumbnailUrl":"https:\/\/incadebolivia.com\/wp-content\/uploads\/2024\/02\/personal-1.jpg","datePublished":"2024-02-01T08:40:37+00:00","dateModified":"2025-09-04T15:03:59+00:00","breadcrumb":{"@id":"https:\/\/incadebolivia.com\/?page_id=31#breadcrumb"},"inLanguage":"es","potentialAction":[{"@type":"ReadAction","target":["https:\/\/incadebolivia.com\/?page_id=31"]}]},{"@type":"ImageObject","inLanguage":"es","@id":"https:\/\/incadebolivia.com\/?page_id=31#primaryimage","url":"https:\/\/incadebolivia.com\/wp-content\/uploads\/2024\/02\/personal-1.jpg","contentUrl":"https:\/\/incadebolivia.com\/wp-content\/uploads\/2024\/02\/personal-1.jpg","width":1000,"height":667},{"@type":"BreadcrumbList","@id":"https:\/\/incadebolivia.com\/?page_id=31#breadcrumb","itemListElement":[{"@type":"ListItem","position":1,"name":"Portada","item":"https:\/\/incadebolivia.com\/"},{"@type":"ListItem","position":2,"name":"\u00bfQuienes Somos?"}]},{"@type":"WebSite","@id":"https:\/\/incadebolivia.com\/#website","url":"https:\/\/incadebolivia.com\/","name":"INCADE","description":"Instituto de Capacitaci\u00f3n para el Desarrollo","publisher":{"@id":"https:\/\/incadebolivia.com\/#organization"},"potentialAction":[{"@type":"SearchAction","target":{"@type":"EntryPoint","urlTemplate":"https:\/\/incadebolivia.com\/?s={search_term_string}"},"query-input":{"@type":"PropertyValueSpecification","valueRequired":true,"valueName":"search_term_string"}}],"inLanguage":"es"},{"@type":"Organization","@id":"https:\/\/incadebolivia.com\/#organization","name":"Instituto de Capacitaci\u00f3n para el Desarrollo","url":"https:\/\/incadebolivia.com\/","logo":{"@type":"ImageObject","inLanguage":"es","@id":"https:\/\/incadebolivia.com\/#\/schema\/logo\/image\/","url":"https:\/\/incadebolivia.com\/wp-content\/uploads\/2025\/07\/ligo-inade.png","contentUrl":"https:\/\/incadebolivia.com\/wp-content\/uploads\/2025\/07\/ligo-inade.png","width":430,"height":128,"caption":"Instituto de Capacitaci\u00f3n para el Desarrollo"},"image":{"@id":"https:\/\/incadebolivia.com\/#\/schema\/logo\/image\/"},"sameAs":["https:\/\/www.facebook.com\/IncadeMontero"]}]}},"_links":{"self":[{"href":"https:\/\/incadebolivia.com\/index.php?rest_route=\/wp\/v2\/pages\/31","targetHints":{"allow":["GET"]}}],"collection":[{"href":"https:\/\/incadebolivia.com\/index.php?rest_route=\/wp\/v2\/pages"}],"about":[{"href":"https:\/\/incadebolivia.com\/index.php?rest_route=\/wp\/v2\/types\/page"}],"author":[{"embeddable":true,"href":"https:\/\/incadebolivia.com\/index.php?rest_route=\/wp\/v2\/users\/1"}],"replies":[{"embeddable":true,"href":"https:\/\/incadebolivia.com\/index.php?rest_route=%2Fwp%2Fv2%2Fcomments&post=31"}],"version-history":[{"count":5,"href":"https:\/\/incadebolivia.com\/index.php?rest_route=\/wp\/v2\/pages\/31\/revisions"}],"predecessor-version":[{"id":641,"href":"https:\/\/incadebolivia.com\/index.php?rest_route=\/wp\/v2\/pages\/31\/revisions\/641"}],"wp:attachment":[{"href":"https:\/\/incadebolivia.com\/index.php?rest_route=%2Fwp%2Fv2%2Fmedia&parent=31"}],"curies":[{"name":"wp","href":"https:\/\/api.w.org\/{rel}","templated":true}]}}